{"id":2786,"date":"2026-04-01T13:57:32","date_gmt":"2026-04-01T11:57:32","guid":{"rendered":"https:\/\/cooperativariudoms.com\/?post_type=product&#038;p=2786"},"modified":"2026-04-01T14:33:05","modified_gmt":"2026-04-01T12:33:05","slug":"aceitunas-arbequinas-450-g","status":"publish","type":"product","link":"https:\/\/cooperativariudoms.com\/es\/producte\/aceitunas-arbequinas-450-g\/","title":{"rendered":"Aceitunas Arbequinas 450 g"},"content":{"rendered":"<p>Disfruta del aut\u00e9ntico sabor de Riudoms con nuestro formato m\u00e1s generoso. Aceitunas arbequinas de piel fina y pulpa sabrosa, maceradas tradicionalmente con hierbas arom\u00e1ticas y sal marina. Un producto 100% natural, sin conservantes, ideal para compartir en aperitivos familiares o para tener siempre a mano en la cocina. Toda la esencia del Mediterr\u00e1neo en un tarro de 450 gramos.<\/p>\n<p><b data-path-to-node=\"4\" data-index-in-node=\"0\">Ingredientes: <\/b>aceitunas arbequinas, agua, hierbas arom\u00e1ticas y sal marina<br \/>\n<b data-path-to-node=\"4\" data-index-in-node=\"73\">Conservaci\u00f3n:<\/b> una vez abierto, cons\u00e9rvese en un lugar fr\u00edo (5-8 \u00baC)<br \/>\n<b data-path-to-node=\"4\" data-index-in-node=\"140\">Peso total:<\/b> 1.030 g.<\/p>\n","protected":false},"excerpt":{"rendered":"<ul>\n<li>\n<p data-path-to-node=\"3,0,0\"><b data-path-to-node=\"3,0,0\" data-index-in-node=\"0\">Variedad:<\/b> 100% Arbequina de Riudoms.<\/p>\n<\/li>\n<li>\n<p data-path-to-node=\"3,1,0\"><b data-path-to-node=\"3,1,0\" data-index-in-node=\"0\">Elaboraci\u00f3n:<\/b> Tradicional, maceradas con hierbas arom\u00e1ticas y sal marina.<\/p>\n<\/li>\n<li>\n<p data-path-to-node=\"3,2,0\"><b data-path-to-node=\"3,2,0\" data-index-in-node=\"0\">Sabor:<\/b> Arom\u00e1tico e intenso, con un perfecto equilibrio entre la aceituna y las hierbas.<\/p>\n<\/li>\n<li>\n<p data-path-to-node=\"3,4,0\"><b data-path-to-node=\"3,4,0\" data-index-in-node=\"0\">Ideal para:<\/b> Vermuts, aperitivos, ensaladas y platos de la cocina mediterr\u00e1nea.<\/p>\n<\/li>\n<\/ul>\n","protected":false},"featured_media":2789,"comment_status":"open","ping_status":"closed","template":"","meta":{"_acf_changed":false},"product_brand":[],"product_cat":[74],"product_tag":[],"class_list":{"0":"post-2786","1":"product","2":"type-product","3":"status-publish","4":"has-post-thumbnail","6":"product_cat-aceitunas","8":"first","9":"instock","10":"taxable","11":"shipping-taxable","12":"purchasable","13":"product-type-simple"},"acf":[],"_links":{"self":[{"href":"https:\/\/cooperativariudoms.com\/es\/wp-json\/wp\/v2\/product\/2786","targetHints":{"allow":["GET"]}}],"collection":[{"href":"https:\/\/cooperativariudoms.com\/es\/wp-json\/wp\/v2\/product"}],"about":[{"href":"https:\/\/cooperativariudoms.com\/es\/wp-json\/wp\/v2\/types\/product"}],"replies":[{"embeddable":true,"href":"https:\/\/cooperativariudoms.com\/es\/wp-json\/wp\/v2\/comments?post=2786"}],"wp:featuredmedia":[{"embeddable":true,"href":"https:\/\/cooperativariudoms.com\/es\/wp-json\/wp\/v2\/media\/2789"}],"wp:attachment":[{"href":"https:\/\/cooperativariudoms.com\/es\/wp-json\/wp\/v2\/media?parent=2786"}],"wp:term":[{"taxonomy":"product_brand","embeddable":true,"href":"https:\/\/cooperativariudoms.com\/es\/wp-json\/wp\/v2\/product_brand?post=2786"},{"taxonomy":"product_cat","embeddable":true,"href":"https:\/\/cooperativariudoms.com\/es\/wp-json\/wp\/v2\/product_cat?post=2786"},{"taxonomy":"product_tag","embeddable":true,"href":"https:\/\/cooperativariudoms.com\/es\/wp-json\/wp\/v2\/product_tag?post=2786"}],"curies":[{"name":"wp","href":"https:\/\/api.w.org\/{rel}","templated":true}]}}