{"id":2774,"date":"2026-04-01T13:20:03","date_gmt":"2026-04-01T11:20:03","guid":{"rendered":"https:\/\/cooperativariudoms.com\/?post_type=product&#038;p=2774"},"modified":"2026-04-01T14:34:30","modified_gmt":"2026-04-01T12:34:30","slug":"aceitunas-arbequines-210gr","status":"publish","type":"product","link":"https:\/\/cooperativariudoms.com\/es\/producte\/aceitunas-arbequines-210gr\/","title":{"rendered":"Aceitunas Arbequines 210gr"},"content":{"rendered":"<p>Disfruta del aut\u00e9ntico sabor de nuestra tierra con estas aceitunas arbequinas de tama\u00f1o peque\u00f1o y sabor intenso. Elaboradas de forma artesanal y maceradas con hierbas arom\u00e1ticas y sal marina, son el aperitivo mediterr\u00e1neo por excelencia. Un producto 100% natural, de textura firme y piel fina, ideal para acompa\u00f1ar tus momentos de vermut o dar un toque especial a tus ensaladas.<\/p>\n<p><b data-path-to-node=\"4\" data-index-in-node=\"0\">Ingredientes: <\/b>aceitunas arbequinas, agua, hierbas arom\u00e1ticas y sal marina<br \/>\n<b data-path-to-node=\"4\" data-index-in-node=\"73\">Conservaci\u00f3n:<\/b> una vez abierto, cons\u00e9rvese en un lugar fr\u00edo (5-8 \u00baC)<br \/>\n<b data-path-to-node=\"4\" data-index-in-node=\"140\">Peso total:<\/b> 0.545 g.<\/p>\n","protected":false},"excerpt":{"rendered":"<ul>\n<li>\n<p data-path-to-node=\"3,0,0\"><b data-path-to-node=\"3,0,0\" data-index-in-node=\"0\">Variedad:<\/b> 100% Arbequina de Riudoms.<\/p>\n<\/li>\n<li>\n<p data-path-to-node=\"3,1,0\"><b data-path-to-node=\"3,1,0\" data-index-in-node=\"0\">Elaboraci\u00f3n:<\/b> Tradicional, maceradas con hierbas arom\u00e1ticas y sal marina.<\/p>\n<\/li>\n<li>\n<p data-path-to-node=\"3,2,0\"><b data-path-to-node=\"3,2,0\" data-index-in-node=\"0\">Sabor:<\/b> Arom\u00e1tico e intenso, con un perfecto equilibrio entre la aceituna y las hierbas.<\/p>\n<\/li>\n<li>\n<p data-path-to-node=\"3,4,0\"><b data-path-to-node=\"3,4,0\" data-index-in-node=\"0\">Ideal para:<\/b> Vermuts, aperitivos, ensaladas y platos de la cocina mediterr\u00e1nea.<\/p>\n<\/li>\n<\/ul>\n","protected":false},"featured_media":2782,"comment_status":"open","ping_status":"closed","template":"","meta":{"_acf_changed":false},"product_brand":[],"product_cat":[74],"product_tag":[],"class_list":{"0":"post-2774","1":"product","2":"type-product","3":"status-publish","4":"has-post-thumbnail","6":"product_cat-aceitunas","8":"first","9":"instock","10":"taxable","11":"shipping-taxable","12":"purchasable","13":"product-type-simple"},"acf":[],"_links":{"self":[{"href":"https:\/\/cooperativariudoms.com\/es\/wp-json\/wp\/v2\/product\/2774","targetHints":{"allow":["GET"]}}],"collection":[{"href":"https:\/\/cooperativariudoms.com\/es\/wp-json\/wp\/v2\/product"}],"about":[{"href":"https:\/\/cooperativariudoms.com\/es\/wp-json\/wp\/v2\/types\/product"}],"replies":[{"embeddable":true,"href":"https:\/\/cooperativariudoms.com\/es\/wp-json\/wp\/v2\/comments?post=2774"}],"wp:featuredmedia":[{"embeddable":true,"href":"https:\/\/cooperativariudoms.com\/es\/wp-json\/wp\/v2\/media\/2782"}],"wp:attachment":[{"href":"https:\/\/cooperativariudoms.com\/es\/wp-json\/wp\/v2\/media?parent=2774"}],"wp:term":[{"taxonomy":"product_brand","embeddable":true,"href":"https:\/\/cooperativariudoms.com\/es\/wp-json\/wp\/v2\/product_brand?post=2774"},{"taxonomy":"product_cat","embeddable":true,"href":"https:\/\/cooperativariudoms.com\/es\/wp-json\/wp\/v2\/product_cat?post=2774"},{"taxonomy":"product_tag","embeddable":true,"href":"https:\/\/cooperativariudoms.com\/es\/wp-json\/wp\/v2\/product_tag?post=2774"}],"curies":[{"name":"wp","href":"https:\/\/api.w.org\/{rel}","templated":true}]}}