{"id":1782,"date":"2025-10-08T13:45:23","date_gmt":"2025-10-08T11:45:23","guid":{"rendered":"https:\/\/cooperativariudoms.com\/producte\/aceite-de-oliva-virgen-extra-250-ml\/"},"modified":"2025-10-08T13:45:23","modified_gmt":"2025-10-08T11:45:23","slug":"aceite-de-oliva-virgen-extra-250-ml","status":"publish","type":"product","link":"https:\/\/cooperativariudoms.com\/es\/producte\/aceite-de-oliva-virgen-extra-250-ml\/","title":{"rendered":"Aceite de oliva virgen extra 250 ml"},"content":{"rendered":"<p data-start=\"2120\" data-end=\"2323\">Aceite de oliva virgen extra 100% arbequina de la Cooperativa de Riudoms. Obtenido directamente de aceitunas y solo mediante procedimientos mec\u00e1nicos (extracci\u00f3n en fr\u00edo), perfil suave y equilibrado.<br data-start=\"811\" data-end=\"814\">Botella de vidrio de 250 ml (\u00bc L) ideal para mesa, catas y regalos.<\/p>\n","protected":false},"excerpt":{"rendered":"<ul data-start=\"911\" data-end=\"1185\">\n<li data-start=\"911\" data-end=\"951\">\n<p data-start=\"913\" data-end=\"951\"><strong data-start=\"913\" data-end=\"928\">DOP Siurana<\/strong> \u00b7 100% <strong data-start=\"936\" data-end=\"949\">Arbequina<\/strong><\/p>\n<\/li>\n<li data-start=\"952\" data-end=\"1020\">\n<p data-start=\"954\" data-end=\"1020\"><strong data-start=\"988\" data-end=\"1018\">Solo procedimientos mec\u00e1nicos \u00b7 extracci\u00f3n en fr\u00edo (&lt;27 \u00b0C)<\/strong><\/p>\n<\/li>\n<li data-start=\"1021\" data-end=\"1103\">\n<p data-start=\"1023\" data-end=\"1103\">Perfil: hierba, almendra y tomate verde \u00b7 amargo y picante leves<\/p>\n<\/li>\n<li data-start=\"1104\" data-end=\"1148\">\n<p data-start=\"1106\" data-end=\"1148\"><strong data-start=\"1106\" data-end=\"1123\">Acidez baja<\/strong> \u00b7 calidad virgen extra<\/p>\n<\/li>\n<li data-start=\"1149\" data-end=\"1185\">\n<p data-start=\"1151\" data-end=\"1185\"><strong data-start=\"1151\" data-end=\"1162\">Formato:<\/strong> <strong data-start=\"1163\" data-end=\"1185\">vidrio 250 ml (\u00bc L)<\/strong><\/p>\n<\/li>\n<\/ul>\n","protected":false},"featured_media":2314,"comment_status":"open","ping_status":"closed","template":"","meta":{"_acf_changed":false},"product_brand":[],"product_cat":[60],"product_tag":[],"class_list":{"0":"post-1782","1":"product","2":"type-product","3":"status-publish","4":"has-post-thumbnail","6":"product_cat-aceite-de-oliva","8":"first","9":"instock","10":"taxable","11":"shipping-taxable","12":"purchasable","13":"product-type-simple"},"acf":[],"_links":{"self":[{"href":"https:\/\/cooperativariudoms.com\/es\/wp-json\/wp\/v2\/product\/1782","targetHints":{"allow":["GET"]}}],"collection":[{"href":"https:\/\/cooperativariudoms.com\/es\/wp-json\/wp\/v2\/product"}],"about":[{"href":"https:\/\/cooperativariudoms.com\/es\/wp-json\/wp\/v2\/types\/product"}],"replies":[{"embeddable":true,"href":"https:\/\/cooperativariudoms.com\/es\/wp-json\/wp\/v2\/comments?post=1782"}],"wp:featuredmedia":[{"embeddable":true,"href":"https:\/\/cooperativariudoms.com\/es\/wp-json\/wp\/v2\/media\/2314"}],"wp:attachment":[{"href":"https:\/\/cooperativariudoms.com\/es\/wp-json\/wp\/v2\/media?parent=1782"}],"wp:term":[{"taxonomy":"product_brand","embeddable":true,"href":"https:\/\/cooperativariudoms.com\/es\/wp-json\/wp\/v2\/product_brand?post=1782"},{"taxonomy":"product_cat","embeddable":true,"href":"https:\/\/cooperativariudoms.com\/es\/wp-json\/wp\/v2\/product_cat?post=1782"},{"taxonomy":"product_tag","embeddable":true,"href":"https:\/\/cooperativariudoms.com\/es\/wp-json\/wp\/v2\/product_tag?post=1782"}],"curies":[{"name":"wp","href":"https:\/\/api.w.org\/{rel}","templated":true}]}}