{"id":2450,"date":"2026-02-17T08:06:51","date_gmt":"2026-02-17T07:06:51","guid":{"rendered":"https:\/\/cooperativariudoms.com\/riudolium\/"},"modified":"2026-03-21T09:11:26","modified_gmt":"2026-03-21T08:11:26","slug":"riudolium","status":"publish","type":"page","link":"https:\/\/cooperativariudoms.com\/es\/riudolium\/","title":{"rendered":"Riud\u00f2lium"},"content":{"rendered":"\t\t<div data-elementor-type=\"wp-page\" data-elementor-id=\"2450\" class=\"elementor elementor-2450 elementor-2133\" data-elementor-post-type=\"page\">\n\t\t\t\t<div class=\"elementor-element elementor-element-7e0261c e-flex e-con-boxed e-con e-parent\" data-id=\"7e0261c\" data-element_type=\"container\" data-e-type=\"container\" data-settings=\"{&quot;background_background&quot;:&quot;classic&quot;}\">\n\t\t\t\t\t<div class=\"e-con-inner\">\n\t\t\t\t<div class=\"elementor-element elementor-element-2b1bf76 elementor-widget elementor-widget-image\" data-id=\"2b1bf76\" data-element_type=\"widget\" data-e-type=\"widget\" data-widget_type=\"image.default\">\n\t\t\t\t\t\t\t\t\t\t\t\t\t\t\t<img fetchpriority=\"high\" decoding=\"async\" width=\"800\" height=\"140\" src=\"https:\/\/cooperativariudoms.com\/wp-content\/uploads\/2026\/03\/Riudolium-Color.png\" class=\"attachment-large size-large wp-image-2719\" alt=\"\" srcset=\"https:\/\/cooperativariudoms.com\/wp-content\/uploads\/2026\/03\/Riudolium-Color.png 1000w, https:\/\/cooperativariudoms.com\/wp-content\/uploads\/2026\/03\/Riudolium-Color-300x53.png 300w, https:\/\/cooperativariudoms.com\/wp-content\/uploads\/2026\/03\/Riudolium-Color-768x134.png 768w\" sizes=\"(max-width: 800px) 100vw, 800px\" \/>\t\t\t\t\t\t\t\t\t\t\t\t\t\t\t<\/div>\n\t\t\t\t<div class=\"elementor-element elementor-element-f48470c elementor-widget elementor-widget-image\" data-id=\"f48470c\" data-element_type=\"widget\" data-e-type=\"widget\" data-settings=\"{&quot;motion_fx_motion_fx_scrolling&quot;:&quot;yes&quot;,&quot;motion_fx_scale_effect&quot;:&quot;yes&quot;,&quot;motion_fx_scale_speed&quot;:{&quot;unit&quot;:&quot;px&quot;,&quot;size&quot;:2,&quot;sizes&quot;:[]},&quot;motion_fx_scale_range&quot;:{&quot;unit&quot;:&quot;%&quot;,&quot;size&quot;:&quot;&quot;,&quot;sizes&quot;:{&quot;start&quot;:0,&quot;end&quot;:70}},&quot;motion_fx_scale_direction&quot;:&quot;out-in&quot;,&quot;motion_fx_devices&quot;:[&quot;desktop&quot;,&quot;tablet&quot;,&quot;mobile&quot;]}\" data-widget_type=\"image.default\">\n\t\t\t\t\t\t\t\t\t\t\t\t\t\t\t<img decoding=\"async\" width=\"1134\" height=\"1687\" src=\"https:\/\/cooperativariudoms.com\/wp-content\/uploads\/2026\/03\/Riudolium-Fruitat-verd.webp\" class=\"attachment-full size-full wp-image-2708\" alt=\"\" srcset=\"https:\/\/cooperativariudoms.com\/wp-content\/uploads\/2026\/03\/Riudolium-Fruitat-verd.webp 1134w, https:\/\/cooperativariudoms.com\/wp-content\/uploads\/2026\/03\/Riudolium-Fruitat-verd-202x300.webp 202w, https:\/\/cooperativariudoms.com\/wp-content\/uploads\/2026\/03\/Riudolium-Fruitat-verd-688x1024.webp 688w, https:\/\/cooperativariudoms.com\/wp-content\/uploads\/2026\/03\/Riudolium-Fruitat-verd-768x1143.webp 768w, https:\/\/cooperativariudoms.com\/wp-content\/uploads\/2026\/03\/Riudolium-Fruitat-verd-1032x1536.webp 1032w, https:\/\/cooperativariudoms.com\/wp-content\/uploads\/2026\/03\/Riudolium-Fruitat-verd-300x446.webp 300w\" sizes=\"(max-width: 1134px) 100vw, 1134px\" \/>\t\t\t\t\t\t\t\t\t\t\t\t\t\t\t<\/div>\n\t\t\t\t\t<\/div>\n\t\t\t\t<\/div>\n\t\t<div class=\"elementor-element elementor-element-c975a51 e-flex e-con-boxed e-con e-parent\" data-id=\"c975a51\" data-element_type=\"container\" data-e-type=\"container\" data-settings=\"{&quot;background_background&quot;:&quot;classic&quot;}\">\n\t\t\t\t\t<div class=\"e-con-inner\">\n\t\t\t\t<div class=\"elementor-element elementor-element-1079dbc elementor-invisible elementor-widget elementor-widget-text-editor\" data-id=\"1079dbc\" data-element_type=\"widget\" data-e-type=\"widget\" data-settings=\"{&quot;_animation&quot;:&quot;fadeIn&quot;,&quot;_animation_delay&quot;:100}\" data-widget_type=\"text-editor.default\">\n\t\t\t\t\t\t\t\t\t<p>EL GUSTO DE HACERLO BIEN<\/p>\t\t\t\t\t\t\t\t<\/div>\n\t\t\t\t<div class=\"elementor-element elementor-element-43703a5 elementor-invisible elementor-widget elementor-widget-heading\" data-id=\"43703a5\" data-element_type=\"widget\" data-e-type=\"widget\" data-settings=\"{&quot;_animation&quot;:&quot;fadeIn&quot;,&quot;_animation_delay&quot;:200}\" data-widget_type=\"heading.default\">\n\t\t\t\t\t<h2 class=\"elementor-heading-title elementor-size-default\">De nuestros olivos a vuestra mesa<\/h2>\t\t\t\t<\/div>\n\t\t\t\t<div class=\"elementor-element elementor-element-42de39c elementor-widget__width-initial elementor-widget-mobile__width-inherit elementor-invisible elementor-widget elementor-widget-text-editor\" data-id=\"42de39c\" data-element_type=\"widget\" data-e-type=\"widget\" data-settings=\"{&quot;_animation&quot;:&quot;fadeIn&quot;,&quot;_animation_delay&quot;:300}\" data-widget_type=\"text-editor.default\">\n\t\t\t\t\t\t\t\t\t<p>RIUD\u00d2LIUM es un aceite de oliva virgen extra elaborado con aceitunas arbequinas seleccionadas y recolectadas en el momento justo, cuando el fruto se encuentra en su punto \u00f3ptimo de maduraci\u00f3n.<\/p><p>Un aceite que recoge el saber hacer de un lugar, el respeto por el territorio y la tradici\u00f3n mediterr\u00e1nea.<\/p><p>Un aceite fiel a Riudoms, la tierra de la que proviene.<\/p><p>El sabor de hoy.<br>Los aromas de hoy.<\/p>\t\t\t\t\t\t\t\t<\/div>\n\t\t\t\t\t<\/div>\n\t\t\t\t<\/div>\n\t\t<div class=\"elementor-element elementor-element-6996ec14 e-flex e-con-boxed e-con e-parent\" data-id=\"6996ec14\" data-element_type=\"container\" data-e-type=\"container\" data-settings=\"{&quot;background_background&quot;:&quot;classic&quot;,&quot;sticky&quot;:&quot;top&quot;,&quot;sticky_on&quot;:[&quot;desktop&quot;,&quot;tablet&quot;],&quot;sticky_offset&quot;:0,&quot;sticky_effects_offset&quot;:0,&quot;sticky_anchor_link_offset&quot;:0}\">\n\t\t\t\t\t<div class=\"e-con-inner\">\n\t\t\t\t<div class=\"elementor-element elementor-element-ca28df3 elementor-widget__width-initial elementor-absolute elementor-widget elementor-widget-image\" data-id=\"ca28df3\" data-element_type=\"widget\" data-e-type=\"widget\" data-settings=\"{&quot;_position&quot;:&quot;absolute&quot;,&quot;motion_fx_motion_fx_scrolling&quot;:&quot;yes&quot;,&quot;motion_fx_translateY_effect&quot;:&quot;yes&quot;,&quot;motion_fx_translateY_speed&quot;:{&quot;unit&quot;:&quot;px&quot;,&quot;size&quot;:9.2,&quot;sizes&quot;:[]},&quot;motion_fx_devices&quot;:[&quot;desktop&quot;,&quot;laptop&quot;,&quot;tablet&quot;],&quot;motion_fx_translateY_affectedRange&quot;:{&quot;unit&quot;:&quot;%&quot;,&quot;size&quot;:&quot;&quot;,&quot;sizes&quot;:{&quot;start&quot;:0,&quot;end&quot;:65}}}\" data-widget_type=\"image.default\">\n\t\t\t\t\t\t\t\t\t\t\t\t\t\t\t<img decoding=\"async\" width=\"800\" height=\"1000\" src=\"https:\/\/cooperativariudoms.com\/wp-content\/uploads\/2026\/02\/DSC05145-1-copia2-819x1024.webp\" class=\"attachment-large size-large wp-image-2444\" alt=\"\" srcset=\"https:\/\/cooperativariudoms.com\/wp-content\/uploads\/2026\/02\/DSC05145-1-copia2-819x1024.webp 819w, https:\/\/cooperativariudoms.com\/wp-content\/uploads\/2026\/02\/DSC05145-1-copia2-240x300.webp 240w, https:\/\/cooperativariudoms.com\/wp-content\/uploads\/2026\/02\/DSC05145-1-copia2-768x960.webp 768w, https:\/\/cooperativariudoms.com\/wp-content\/uploads\/2026\/02\/DSC05145-1-copia2-1229x1536.webp 1229w, https:\/\/cooperativariudoms.com\/wp-content\/uploads\/2026\/02\/DSC05145-1-copia2-300x375.webp 300w, https:\/\/cooperativariudoms.com\/wp-content\/uploads\/2026\/02\/DSC05145-1-copia2.webp 1520w\" sizes=\"(max-width: 800px) 100vw, 800px\" \/>\t\t\t\t\t\t\t\t\t\t\t\t\t\t\t<\/div>\n\t\t<div class=\"elementor-element elementor-element-515cff2f e-flex e-con-boxed e-con e-child\" data-id=\"515cff2f\" data-element_type=\"container\" data-e-type=\"container\">\n\t\t\t\t\t<div class=\"e-con-inner\">\n\t\t\t\t\t<\/div>\n\t\t\t\t<\/div>\n\t\t<div class=\"elementor-element elementor-element-460c4da3 e-flex e-con-boxed e-con e-child\" data-id=\"460c4da3\" data-element_type=\"container\" data-e-type=\"container\">\n\t\t\t\t\t<div class=\"e-con-inner\">\n\t\t\t\t<div class=\"elementor-element elementor-element-7dfe0f6 elementor-widget elementor-widget-heading\" data-id=\"7dfe0f6\" data-element_type=\"widget\" data-e-type=\"widget\" data-widget_type=\"heading.default\">\n\t\t\t\t\t<h2 class=\"elementor-heading-title elementor-size-default\">La arbequina de siempre, ahora con matices del campo<\/h2>\t\t\t\t<\/div>\n\t\t\t\t<div class=\"elementor-element elementor-element-4c6fdf9 elementor-widget__width-inherit elementor-widget elementor-widget-text-editor\" data-id=\"4c6fdf9\" data-element_type=\"widget\" data-e-type=\"widget\" data-widget_type=\"text-editor.default\">\n\t\t\t\t\t\t\t\t\t<p>La variedad de la oliva arbequina forma parte de nuestra manera de hacer. Es una aceituna agradecida y equilibrada que llevamos generaciones cultivando en un entorno privilegiado. <\/p><p>RIUD\u00d2LIUM es un aceite con un perfil vegetal lleno de aromas que evocan el campo trabajado: notas que recuerdan a la tomatera, la alcachofa o la almendra verde, as\u00ed como peque\u00f1os toques de frutos maduros como el pl\u00e1tano o la manzana.<\/p><p>En boca es equilibrado, con un ligero picante, un amargor suave y un final redondo que acompa\u00f1a sin imponerse.<\/p><p>Pensado para disfrutarlo tal como llega al plato.<\/p>\t\t\t\t\t\t\t\t<\/div>\n\t\t\t\t\t<\/div>\n\t\t\t\t<\/div>\n\t\t\t\t\t<\/div>\n\t\t\t\t<\/div>\n\t\t<div class=\"elementor-element elementor-element-605fa4d e-flex e-con-boxed e-con e-parent\" data-id=\"605fa4d\" data-element_type=\"container\" data-e-type=\"container\" data-settings=\"{&quot;background_background&quot;:&quot;classic&quot;}\">\n\t\t\t\t\t<div class=\"e-con-inner\">\n\t\t\t\t<div class=\"elementor-element elementor-element-62a39ea elementor-widget elementor-widget-heading\" data-id=\"62a39ea\" data-element_type=\"widget\" data-e-type=\"widget\" data-settings=\"{&quot;motion_fx_motion_fx_scrolling&quot;:&quot;yes&quot;,&quot;motion_fx_scale_effect&quot;:&quot;yes&quot;,&quot;motion_fx_scale_speed&quot;:{&quot;unit&quot;:&quot;px&quot;,&quot;size&quot;:1,&quot;sizes&quot;:[]},&quot;motion_fx_scale_range&quot;:{&quot;unit&quot;:&quot;%&quot;,&quot;size&quot;:&quot;&quot;,&quot;sizes&quot;:{&quot;start&quot;:0,&quot;end&quot;:50}},&quot;motion_fx_devices&quot;:[&quot;desktop&quot;,&quot;tablet&quot;],&quot;motion_fx_scale_direction&quot;:&quot;out-in&quot;}\" data-widget_type=\"heading.default\">\n\t\t\t\t\t<h2 class=\"elementor-heading-title elementor-size-default\">El origen del nombre<\/h2>\t\t\t\t<\/div>\n\t\t\t\t<div class=\"elementor-element elementor-element-f7209b5 elementor-widget__width-initial elementor-widget-mobile__width-inherit elementor-widget elementor-widget-text-editor\" data-id=\"f7209b5\" data-element_type=\"widget\" data-e-type=\"widget\" data-settings=\"{&quot;motion_fx_motion_fx_scrolling&quot;:&quot;yes&quot;,&quot;motion_fx_scale_effect&quot;:&quot;yes&quot;,&quot;motion_fx_scale_speed&quot;:{&quot;unit&quot;:&quot;px&quot;,&quot;size&quot;:1,&quot;sizes&quot;:[]},&quot;motion_fx_scale_range&quot;:{&quot;unit&quot;:&quot;%&quot;,&quot;size&quot;:&quot;&quot;,&quot;sizes&quot;:{&quot;start&quot;:0,&quot;end&quot;:50}},&quot;motion_fx_devices&quot;:[&quot;desktop&quot;,&quot;tablet&quot;],&quot;motion_fx_scale_direction&quot;:&quot;out-in&quot;}\" data-widget_type=\"text-editor.default\">\n\t\t\t\t\t\t\t\t\t<p>RIUD\u00d2LIUM nace de la uni\u00f3n de Riudoms y del <em>dolium<\/em>, el recipiente de cer\u00e1mica utilizado durante siglos para conservar el aceite y el vino.<\/p><p>El nombre habla de una idea muy concreta: contener, guardar y respetar aquello que es valioso.<\/p><p>RIUD\u00d2LIUM es mirar al pasado para entender el presente con un mismo objetivo: cuidar el origen para que llegue intacto a la mesa.<\/p>\t\t\t\t\t\t\t\t<\/div>\n\t\t\t\t\t<\/div>\n\t\t\t\t<\/div>\n\t\t<div class=\"elementor-element elementor-element-e8e97f9 e-flex e-con-boxed e-con e-parent\" data-id=\"e8e97f9\" data-element_type=\"container\" data-e-type=\"container\" data-settings=\"{&quot;background_background&quot;:&quot;classic&quot;}\">\n\t\t\t\t\t<div class=\"e-con-inner\">\n\t\t<div class=\"elementor-element elementor-element-16d37f4 e-con-full e-flex e-con e-child\" data-id=\"16d37f4\" data-element_type=\"container\" data-e-type=\"container\">\n\t\t\t\t<div class=\"elementor-element elementor-element-028cbe6 elementor-widget elementor-widget-heading\" data-id=\"028cbe6\" data-element_type=\"widget\" data-e-type=\"widget\" data-widget_type=\"heading.default\">\n\t\t\t\t\t<h2 class=\"elementor-heading-title elementor-size-default\">Todo empieza en el campo<\/h2>\t\t\t\t<\/div>\n\t\t\t\t<div class=\"elementor-element elementor-element-3ed4713 elementor-widget elementor-widget-text-editor\" data-id=\"3ed4713\" data-element_type=\"widget\" data-e-type=\"widget\" data-widget_type=\"text-editor.default\">\n\t\t\t\t\t\t\t\t\t<p>Elaborar un aceite como RIUD\u00d2LIUM no va solo de la variedad. Va de decidir cu\u00e1ndo recolectar, c\u00f3mo tratar el fruto y hasta d\u00f3nde llegar. <\/p><p>El cuidado empieza en el campo y no se abandona en el camino.<br>La cooperativa trabaja para acompa\u00f1ar la aceituna desde que se recoge en su momento \u00f3ptimo hasta que llega al molino.<\/p><p>En el molino se trabaja con procesos mec\u00e1nicos que respetan el car\u00e1cter propio de la arbequina y su origen, situado entre el mar y las monta\u00f1as.<\/p>\t\t\t\t\t\t\t\t<\/div>\n\t\t\t\t<\/div>\n\t\t<div class=\"elementor-element elementor-element-85d2e47 e-con-full e-flex e-con e-child\" data-id=\"85d2e47\" data-element_type=\"container\" data-e-type=\"container\" data-settings=\"{&quot;background_background&quot;:&quot;classic&quot;}\">\n\t\t\t\t<\/div>\n\t\t\t\t\t<\/div>\n\t\t\t\t<\/div>\n\t\t<div class=\"elementor-element elementor-element-49ceb73 e-flex e-con-boxed e-con e-parent\" data-id=\"49ceb73\" data-element_type=\"container\" data-e-type=\"container\" data-settings=\"{&quot;background_background&quot;:&quot;classic&quot;}\">\n\t\t\t\t\t<div class=\"e-con-inner\">\n\t\t<div class=\"elementor-element elementor-element-6b26b82 e-con-full e-flex e-con e-child\" data-id=\"6b26b82\" data-element_type=\"container\" data-e-type=\"container\">\n\t\t\t\t<div class=\"elementor-element elementor-element-83a7367 elementor-widget elementor-widget-heading\" data-id=\"83a7367\" data-element_type=\"widget\" data-e-type=\"widget\" data-widget_type=\"heading.default\">\n\t\t\t\t\t<h2 class=\"elementor-heading-title elementor-size-default\">De Riudoms,<br>porque somos de aqu\u00ed<\/h2>\t\t\t\t<\/div>\n\t\t\t\t<div class=\"elementor-element elementor-element-0b4d68a elementor-widget elementor-widget-text-editor\" data-id=\"0b4d68a\" data-element_type=\"widget\" data-e-type=\"widget\" data-widget_type=\"text-editor.default\">\n\t\t\t\t\t\t\t\t\t<p>Detr\u00e1s de RIUD\u00d2LIUM est\u00e1 la Cooperativa de Riudoms, formada por m\u00e1s de 400 socios, socias y sus familias, unidos por una manera compartida de entender el aceite. <\/p><p>Formamos parte de la DOP Siurana, en un entorno privilegiado entre las Monta\u00f1as de Prades y la Costa Dorada. <\/p><p>Aqu\u00ed el aceite no es una excepci\u00f3n.<br>Es tradici\u00f3n, trabajo y continuidad.<\/p>\t\t\t\t\t\t\t\t<\/div>\n\t\t\t\t<\/div>\n\t\t<div class=\"elementor-element elementor-element-4a712fa e-con-full e-flex e-con e-child\" data-id=\"4a712fa\" data-element_type=\"container\" data-e-type=\"container\" data-settings=\"{&quot;background_background&quot;:&quot;classic&quot;}\">\n\t\t\t\t<\/div>\n\t\t\t\t\t<\/div>\n\t\t\t\t<\/div>\n\t\t<div class=\"elementor-element elementor-element-0b3c14b e-flex e-con-boxed e-con e-parent\" data-id=\"0b3c14b\" data-element_type=\"container\" data-e-type=\"container\" data-settings=\"{&quot;background_background&quot;:&quot;classic&quot;}\">\n\t\t\t\t\t<div class=\"e-con-inner\">\n\t\t<div class=\"elementor-element elementor-element-19b274e e-con-full e-flex e-con e-child\" data-id=\"19b274e\" data-element_type=\"container\" data-e-type=\"container\">\n\t\t\t\t<div class=\"elementor-element elementor-element-b8befd9 elementor-widget elementor-widget-heading\" data-id=\"b8befd9\" data-element_type=\"widget\" data-e-type=\"widget\" data-widget_type=\"heading.default\">\n\t\t\t\t\t<h2 class=\"elementor-heading-title elementor-size-default\">RIUD\u00d2LIUM,<br>el sabor de un territorio.<\/h2>\t\t\t\t<\/div>\n\t\t\t\t<div class=\"elementor-element elementor-element-29d2fae elementor-widget__width-initial elementor-widget-mobile__width-inherit elementor-widget elementor-widget-text-editor\" data-id=\"29d2fae\" data-element_type=\"widget\" data-e-type=\"widget\" data-widget_type=\"text-editor.default\">\n\t\t\t\t\t\t\t\t\t<p>Un aceite pensado para cocinar con atenci\u00f3n,<br>poner la mesa con orgullo<br>y darse el gusto de hacer las cosas bien.<\/p>\t\t\t\t\t\t\t\t<\/div>\n\t\t\t\t<div class=\"elementor-element elementor-element-1cf70ff elementor-widget__width-initial elementor-widget elementor-widget-text-editor\" data-id=\"1cf70ff\" data-element_type=\"widget\" data-e-type=\"widget\" data-widget_type=\"text-editor.default\">\n\t\t\t\t\t\t\t\t\t<p>RIUD\u00d2LIUM<\/p><p>El plaer de cuidar el que fem.<\/p>\t\t\t\t\t\t\t\t<\/div>\n\t\t\t\t<\/div>\n\t\t\t\t\t<\/div>\n\t\t\t\t<\/div>\n\t\t<div class=\"elementor-element elementor-element-51ea560 e-flex e-con-boxed e-con e-parent\" data-id=\"51ea560\" data-element_type=\"container\" data-e-type=\"container\" data-settings=\"{&quot;background_background&quot;:&quot;classic&quot;}\">\n\t\t\t\t\t<div class=\"e-con-inner\">\n\t\t\t\t<div class=\"elementor-element elementor-element-9007719 elementor-widget elementor-widget-image\" data-id=\"9007719\" data-element_type=\"widget\" data-e-type=\"widget\" data-widget_type=\"image.default\">\n\t\t\t\t\t\t\t\t\t\t\t\t\t\t\t<img loading=\"lazy\" decoding=\"async\" width=\"880\" height=\"880\" src=\"https:\/\/cooperativariudoms.com\/wp-content\/uploads\/2026\/02\/Botella-Riudolium-Mate-final.webp\" class=\"attachment-full size-full wp-image-2448\" alt=\"\" srcset=\"https:\/\/cooperativariudoms.com\/wp-content\/uploads\/2026\/02\/Botella-Riudolium-Mate-final.webp 880w, https:\/\/cooperativariudoms.com\/wp-content\/uploads\/2026\/02\/Botella-Riudolium-Mate-final-300x300.webp 300w, https:\/\/cooperativariudoms.com\/wp-content\/uploads\/2026\/02\/Botella-Riudolium-Mate-final-150x150.webp 150w, https:\/\/cooperativariudoms.com\/wp-content\/uploads\/2026\/02\/Botella-Riudolium-Mate-final-768x768.webp 768w, https:\/\/cooperativariudoms.com\/wp-content\/uploads\/2026\/02\/Botella-Riudolium-Mate-final-100x100.webp 100w\" sizes=\"(max-width: 880px) 100vw, 880px\" \/>\t\t\t\t\t\t\t\t\t\t\t\t\t\t\t<\/div>\n\t\t\t\t<div class=\"elementor-element elementor-element-233b025 elementor-align-center elementor-widget elementor-widget-button\" data-id=\"233b025\" data-element_type=\"widget\" data-e-type=\"widget\" data-widget_type=\"button.default\">\n\t\t\t\t\t\t\t\t\t\t<a class=\"elementor-button elementor-button-link elementor-size-sm\" href=\"#\">\n\t\t\t\t\t\t<span class=\"elementor-button-content-wrapper\">\n\t\t\t\t\t\t\t\t\t<span class=\"elementor-button-text\">Comprar<\/span>\n\t\t\t\t\t<\/span>\n\t\t\t\t\t<\/a>\n\t\t\t\t\t\t\t\t<\/div>\n\t\t\t\t\t<\/div>\n\t\t\t\t<\/div>\n\t\t<div class=\"elementor-element elementor-element-4ec4346 e-con-full e-flex e-con e-parent\" data-id=\"4ec4346\" data-element_type=\"container\" data-e-type=\"container\" data-settings=\"{&quot;background_background&quot;:&quot;classic&quot;}\">\n\t\t\t\t<div class=\"elementor-element elementor-element-38229f9 elementor-widget elementor-widget-image\" data-id=\"38229f9\" data-element_type=\"widget\" data-e-type=\"widget\" data-widget_type=\"image.default\">\n\t\t\t\t\t\t\t\t\t\t\t\t\t\t\t<img decoding=\"async\" src=\"https:\/\/cooperativariudoms.com\/wp-content\/uploads\/2026\/02\/Ilustracio-1.svg\" class=\"attachment-full size-full wp-image-2449\" alt=\"\" \/>\t\t\t\t\t\t\t\t\t\t\t\t\t\t\t<\/div>\n\t\t\t\t<\/div>\n\t\t\t\t<\/div>\n\t\t","protected":false},"excerpt":{"rendered":"<p>EL GUSTO DE HACERLO BIEN De nuestros olivos a vuestra mesa RIUD\u00d2LIUM es un aceite de oliva virgen extra elaborado con aceitunas arbequinas seleccionadas y recolectadas en el momento justo, cuando el fruto se encuentra en su punto \u00f3ptimo de maduraci\u00f3n. Un aceite que recoge el saber hacer de un lugar, el respeto por el [&hellip;]<\/p>\n","protected":false},"author":1,"featured_media":2004,"parent":0,"menu_order":0,"comment_status":"closed","ping_status":"closed","template":"","meta":{"_acf_changed":false,"footnotes":""},"class_list":["post-2450","page","type-page","status-publish","has-post-thumbnail","hentry"],"acf":[],"_links":{"self":[{"href":"https:\/\/cooperativariudoms.com\/es\/wp-json\/wp\/v2\/pages\/2450","targetHints":{"allow":["GET"]}}],"collection":[{"href":"https:\/\/cooperativariudoms.com\/es\/wp-json\/wp\/v2\/pages"}],"about":[{"href":"https:\/\/cooperativariudoms.com\/es\/wp-json\/wp\/v2\/types\/page"}],"author":[{"embeddable":true,"href":"https:\/\/cooperativariudoms.com\/es\/wp-json\/wp\/v2\/users\/1"}],"replies":[{"embeddable":true,"href":"https:\/\/cooperativariudoms.com\/es\/wp-json\/wp\/v2\/comments?post=2450"}],"version-history":[{"count":13,"href":"https:\/\/cooperativariudoms.com\/es\/wp-json\/wp\/v2\/pages\/2450\/revisions"}],"predecessor-version":[{"id":2720,"href":"https:\/\/cooperativariudoms.com\/es\/wp-json\/wp\/v2\/pages\/2450\/revisions\/2720"}],"wp:featuredmedia":[{"embeddable":true,"href":"https:\/\/cooperativariudoms.com\/es\/wp-json\/wp\/v2\/media\/2004"}],"wp:attachment":[{"href":"https:\/\/cooperativariudoms.com\/es\/wp-json\/wp\/v2\/media?parent=2450"}],"curies":[{"name":"wp","href":"https:\/\/api.w.org\/{rel}","templated":true}]}}