{"id":1748,"date":"2025-09-24T12:48:45","date_gmt":"2025-09-24T10:48:45","guid":{"rendered":"https:\/\/cooperativariudoms.com\/productos\/"},"modified":"2026-03-19T14:23:58","modified_gmt":"2026-03-19T13:23:58","slug":"productos","status":"publish","type":"page","link":"https:\/\/cooperativariudoms.com\/es\/productos\/","title":{"rendered":"Productos"},"content":{"rendered":"\t\t<div data-elementor-type=\"wp-page\" data-elementor-id=\"1748\" class=\"elementor elementor-1748 elementor-32\" data-elementor-post-type=\"page\">\n\t\t\t\t<div class=\"elementor-element elementor-element-b993ea4 e-flex e-con-boxed e-con e-parent\" data-id=\"b993ea4\" data-element_type=\"container\" data-e-type=\"container\" data-settings=\"{&quot;background_background&quot;:&quot;classic&quot;}\">\n\t\t\t\t\t<div class=\"e-con-inner\">\n\t\t<div class=\"elementor-element elementor-element-d86798e e-con-full e-flex elementor-invisible e-con e-child\" data-id=\"d86798e\" data-element_type=\"container\" data-e-type=\"container\" data-settings=\"{&quot;animation&quot;:&quot;fadeIn&quot;}\">\n\t\t\t\t<div class=\"elementor-element elementor-element-24a1482 elementor-widget elementor-widget-heading\" data-id=\"24a1482\" data-element_type=\"widget\" data-e-type=\"widget\" data-widget_type=\"heading.default\">\n\t\t\t\t\t<h2 class=\"elementor-heading-title elementor-size-default\">PRODUCTOS<\/h2>\t\t\t\t<\/div>\n\t\t\t\t<div class=\"elementor-element elementor-element-f9236ff elementor-widget elementor-widget-heading\" data-id=\"f9236ff\" data-element_type=\"widget\" data-e-type=\"widget\" data-widget_type=\"heading.default\">\n\t\t\t\t\t<h2 class=\"elementor-heading-title elementor-size-default\">Los frutos del territorio<\/h2>\t\t\t\t<\/div>\n\t\t\t\t<\/div>\n\t\t\t\t\t<\/div>\n\t\t\t\t<\/div>\n\t\t<div class=\"elementor-element elementor-element-92c0adc e-flex e-con-boxed e-con e-parent\" data-id=\"92c0adc\" data-element_type=\"container\" data-e-type=\"container\">\n\t\t\t\t\t<div class=\"e-con-inner\">\n\t\t\t\t<div class=\"elementor-element elementor-element-d040b39 elementor-widget elementor-widget-heading\" data-id=\"d040b39\" data-element_type=\"widget\" data-e-type=\"widget\" data-widget_type=\"heading.default\">\n\t\t\t\t\t<h2 class=\"elementor-heading-title elementor-size-default\">El sabor de la proximidad<\/h2>\t\t\t\t<\/div>\n\t\t\t\t<div class=\"elementor-element elementor-element-5b4f7c1 elementor-widget elementor-widget-text-editor\" data-id=\"5b4f7c1\" data-element_type=\"widget\" data-e-type=\"widget\" data-widget_type=\"text-editor.default\">\n\t\t\t\t\t\t\t\t\t<p>En la Cooperativa Agr\u00edcola de Riudoms ofrecemos productos con sello de proximidad y calidad: aceite de oliva virgen extra DOP Siurana, frutos secos y aceituna arbequina de mesa. Sabor aut\u00e9ntico y tradici\u00f3n que nacen de nuestra tierra.<\/p>\t\t\t\t\t\t\t\t<\/div>\n\t\t\t\t\t<\/div>\n\t\t\t\t<\/div>\n\t\t<div class=\"elementor-element elementor-element-6db03fa e-flex e-con-boxed e-con e-parent\" data-id=\"6db03fa\" data-element_type=\"container\" data-e-type=\"container\" data-settings=\"{&quot;background_background&quot;:&quot;classic&quot;}\">\n\t\t\t\t\t<div class=\"e-con-inner\">\n\t\t<div class=\"elementor-element elementor-element-a1c2e71 e-flex e-con-boxed elementor-invisible e-con e-child\" data-id=\"a1c2e71\" data-element_type=\"container\" data-e-type=\"container\" data-settings=\"{&quot;animation&quot;:&quot;fadeInUp&quot;}\">\n\t\t\t\t\t<div class=\"e-con-inner\">\n\t\t\t\t<div class=\"elementor-element elementor-element-42ef64d elementor-widget elementor-widget-heading\" data-id=\"42ef64d\" data-element_type=\"widget\" data-e-type=\"widget\" data-widget_type=\"heading.default\">\n\t\t\t\t\t<h2 class=\"elementor-heading-title elementor-size-default\">DOP SIURANA<\/h2>\t\t\t\t<\/div>\n\t\t\t\t<div class=\"elementor-element elementor-element-0986883 elementor-widget elementor-widget-heading\" data-id=\"0986883\" data-element_type=\"widget\" data-e-type=\"widget\" data-widget_type=\"heading.default\">\n\t\t\t\t\t<h2 class=\"elementor-heading-title elementor-size-default\">Aceite de oliva virgen extra<\/h2>\t\t\t\t<\/div>\n\t\t\t\t<div class=\"elementor-element elementor-element-6dd324d elementor-widget elementor-widget-text-editor\" data-id=\"6dd324d\" data-element_type=\"widget\" data-e-type=\"widget\" data-widget_type=\"text-editor.default\">\n\t\t\t\t\t\t\t\t\t<p>Nuestro producto estrella, elaborado con oliva arbequina, cultivada en Riudoms, entre las Monta\u00f1as de Prades y la Costa Dorada. <br>Un aceite de categor\u00eda superior, obtenido exclusivamente mediante procedimientos mec\u00e1nicos.<\/p>\t\t\t\t\t\t\t\t<\/div>\n\t\t\t\t<div class=\"elementor-element elementor-element-0e72a34 elementor-widget elementor-widget-image\" data-id=\"0e72a34\" data-element_type=\"widget\" data-e-type=\"widget\" data-widget_type=\"image.default\">\n\t\t\t\t\t\t\t\t\t\t\t\t\t\t\t<img fetchpriority=\"high\" decoding=\"async\" width=\"1003\" height=\"1080\" src=\"https:\/\/cooperativariudoms.com\/wp-content\/uploads\/2025\/12\/Mockup-Conjunt-1.webp\" class=\"attachment-full size-full wp-image-2010\" alt=\"\" srcset=\"https:\/\/cooperativariudoms.com\/wp-content\/uploads\/2025\/12\/Mockup-Conjunt-1.webp 1003w, https:\/\/cooperativariudoms.com\/wp-content\/uploads\/2025\/12\/Mockup-Conjunt-1-279x300.webp 279w, https:\/\/cooperativariudoms.com\/wp-content\/uploads\/2025\/12\/Mockup-Conjunt-1-951x1024.webp 951w, https:\/\/cooperativariudoms.com\/wp-content\/uploads\/2025\/12\/Mockup-Conjunt-1-768x827.webp 768w, https:\/\/cooperativariudoms.com\/wp-content\/uploads\/2025\/12\/Mockup-Conjunt-1-300x323.webp 300w\" sizes=\"(max-width: 1003px) 100vw, 1003px\" \/>\t\t\t\t\t\t\t\t\t\t\t\t\t\t\t<\/div>\n\t\t\t\t<div class=\"elementor-element elementor-element-e6ab7bd spin-icon elementor-view-default elementor-widget elementor-widget-icon\" data-id=\"e6ab7bd\" data-element_type=\"widget\" data-e-type=\"widget\" data-widget_type=\"icon.default\">\n\t\t\t\t\t\t\t<div class=\"elementor-icon-wrapper\">\n\t\t\t<a class=\"elementor-icon\" href=\"https:\/\/cooperativariudoms.com\/botiga\/\">\n\t\t\t<svg xmlns=\"http:\/\/www.w3.org\/2000\/svg\" xmlns:xlink=\"http:\/\/www.w3.org\/1999\/xlink\" height=\"512px\" id=\"Layer_1\" style=\"enable-background:new 0 0 512 512;\" viewBox=\"0 0 512 512\" width=\"512px\" xml:space=\"preserve\"><g><g><g><path d=\"M256,48C141.1,48,48,141.1,48,256s93.1,208,208,208c114.9,0,208-93.1,208-208S370.9,48,256,48z M256,446.7     c-105.1,0-190.7-85.5-190.7-190.7S150.9,65.3,256,65.3S446.7,150.9,446.7,256S361.1,446.7,256,446.7z\"><\/path><\/g><\/g><g><polygon points=\"264.1,128 247.3,128 247.3,247.9 128,247.9 128,264.7 247.3,264.7 247.3,384 264.1,384 264.1,264.7 384,264.7     384,247.9 264.1,247.9   \"><\/polygon><\/g><\/g><\/svg>\t\t\t<\/a>\n\t\t<\/div>\n\t\t\t\t\t\t<\/div>\n\t\t\t\t\t<\/div>\n\t\t\t\t<\/div>\n\t\t\t\t\t<\/div>\n\t\t\t\t<\/div>\n\t\t<div class=\"elementor-element elementor-element-f0c6c23 e-con-full e-flex e-con e-parent\" data-id=\"f0c6c23\" data-element_type=\"container\" data-e-type=\"container\" data-settings=\"{&quot;background_background&quot;:&quot;classic&quot;}\">\n\t\t\t\t<\/div>\n\t\t<div class=\"elementor-element elementor-element-5f325eb e-flex e-con-boxed e-con e-parent\" data-id=\"5f325eb\" data-element_type=\"container\" data-e-type=\"container\" data-settings=\"{&quot;background_background&quot;:&quot;classic&quot;}\">\n\t\t\t\t\t<div class=\"e-con-inner\">\n\t\t<div class=\"elementor-element elementor-element-020fdcb e-flex e-con-boxed elementor-invisible e-con e-child\" data-id=\"020fdcb\" data-element_type=\"container\" data-e-type=\"container\" data-settings=\"{&quot;animation&quot;:&quot;fadeInUp&quot;}\">\n\t\t\t\t\t<div class=\"e-con-inner\">\n\t\t\t\t<div class=\"elementor-element elementor-element-b6dbc8f elementor-widget elementor-widget-heading\" data-id=\"b6dbc8f\" data-element_type=\"widget\" data-e-type=\"widget\" data-widget_type=\"heading.default\">\n\t\t\t\t\t<h2 class=\"elementor-heading-title elementor-size-default\">FRUTOS SECOS<\/h2>\t\t\t\t<\/div>\n\t\t\t\t<div class=\"elementor-element elementor-element-eedb617 elementor-widget elementor-widget-heading\" data-id=\"eedb617\" data-element_type=\"widget\" data-e-type=\"widget\" data-widget_type=\"heading.default\">\n\t\t\t\t\t<h2 class=\"elementor-heading-title elementor-size-default\">Almendras y avellanas<\/h2>\t\t\t\t<\/div>\n\t\t\t\t<div class=\"elementor-element elementor-element-02c38ad elementor-widget elementor-widget-text-editor\" data-id=\"02c38ad\" data-element_type=\"widget\" data-e-type=\"widget\" data-widget_type=\"text-editor.default\">\n\t\t\t\t\t\t\t\t\t<p>Las almendras y las avellanas forman parte de la esencia agr\u00edcola del Baix Camp.<\/p><p>En Riudoms las trabajamos con el mismo cuidado de siempre, respetando su ritmo y su valor. Frutos secos de proximidad, cultivados en tierras f\u00e9rtiles y pensados para ofrecer sabor, energ\u00eda y calidad.<\/p>\t\t\t\t\t\t\t\t<\/div>\n\t\t\t\t<div class=\"elementor-element elementor-element-d752dad elementor-widget elementor-widget-image\" data-id=\"d752dad\" data-element_type=\"widget\" data-e-type=\"widget\" data-widget_type=\"image.default\">\n\t\t\t\t\t\t\t\t\t\t\t\t\t\t\t<img decoding=\"async\" width=\"800\" height=\"620\" src=\"https:\/\/cooperativariudoms.com\/wp-content\/uploads\/2025\/09\/ametlles-cooperativa-1024x794.png\" class=\"attachment-large size-large wp-image-1746\" alt=\"\" srcset=\"https:\/\/cooperativariudoms.com\/wp-content\/uploads\/2025\/09\/ametlles-cooperativa-1024x794.png 1024w, https:\/\/cooperativariudoms.com\/wp-content\/uploads\/2025\/09\/ametlles-cooperativa-300x233.png 300w, https:\/\/cooperativariudoms.com\/wp-content\/uploads\/2025\/09\/ametlles-cooperativa-768x596.png 768w, https:\/\/cooperativariudoms.com\/wp-content\/uploads\/2025\/09\/ametlles-cooperativa-1536x1191.png 1536w, https:\/\/cooperativariudoms.com\/wp-content\/uploads\/2025\/09\/ametlles-cooperativa-2048x1588.png 2048w\" sizes=\"(max-width: 800px) 100vw, 800px\" \/>\t\t\t\t\t\t\t\t\t\t\t\t\t\t\t<\/div>\n\t\t\t\t<div class=\"elementor-element elementor-element-00279ed spin-icon elementor-hidden-desktop elementor-hidden-tablet elementor-hidden-mobile elementor-view-default elementor-widget elementor-widget-icon\" data-id=\"00279ed\" data-element_type=\"widget\" data-e-type=\"widget\" data-widget_type=\"icon.default\">\n\t\t\t\t\t\t\t<div class=\"elementor-icon-wrapper\">\n\t\t\t<div class=\"elementor-icon\">\n\t\t\t<svg xmlns=\"http:\/\/www.w3.org\/2000\/svg\" xmlns:xlink=\"http:\/\/www.w3.org\/1999\/xlink\" height=\"512px\" id=\"Layer_1\" style=\"enable-background:new 0 0 512 512;\" viewBox=\"0 0 512 512\" width=\"512px\" xml:space=\"preserve\"><g><g><g><path d=\"M256,48C141.1,48,48,141.1,48,256s93.1,208,208,208c114.9,0,208-93.1,208-208S370.9,48,256,48z M256,446.7     c-105.1,0-190.7-85.5-190.7-190.7S150.9,65.3,256,65.3S446.7,150.9,446.7,256S361.1,446.7,256,446.7z\"><\/path><\/g><\/g><g><polygon points=\"264.1,128 247.3,128 247.3,247.9 128,247.9 128,264.7 247.3,264.7 247.3,384 264.1,384 264.1,264.7 384,264.7     384,247.9 264.1,247.9   \"><\/polygon><\/g><\/g><\/svg>\t\t\t<\/div>\n\t\t<\/div>\n\t\t\t\t\t\t<\/div>\n\t\t\t\t\t<\/div>\n\t\t\t\t<\/div>\n\t\t\t\t\t<\/div>\n\t\t\t\t<\/div>\n\t\t<div class=\"elementor-element elementor-element-777afdf e-con-full e-flex elementor-invisible e-con e-parent\" data-id=\"777afdf\" data-element_type=\"container\" data-e-type=\"container\" data-settings=\"{&quot;background_background&quot;:&quot;classic&quot;,&quot;animation&quot;:&quot;fadeInUp&quot;}\">\n\t\t\t\t<\/div>\n\t\t<div class=\"elementor-element elementor-element-c31125a e-flex e-con-boxed e-con e-parent\" data-id=\"c31125a\" data-element_type=\"container\" data-e-type=\"container\" data-settings=\"{&quot;background_background&quot;:&quot;classic&quot;}\">\n\t\t\t\t\t<div class=\"e-con-inner\">\n\t\t<div class=\"elementor-element elementor-element-e30146b e-flex e-con-boxed elementor-invisible e-con e-child\" data-id=\"e30146b\" data-element_type=\"container\" data-e-type=\"container\" data-settings=\"{&quot;animation&quot;:&quot;fadeInUp&quot;}\">\n\t\t\t\t\t<div class=\"e-con-inner\">\n\t\t\t\t<div class=\"elementor-element elementor-element-c71c912 elementor-widget elementor-widget-heading\" data-id=\"c71c912\" data-element_type=\"widget\" data-e-type=\"widget\" data-widget_type=\"heading.default\">\n\t\t\t\t\t<h2 class=\"elementor-heading-title elementor-size-default\">ACEITUNAS DE MESA<\/h2>\t\t\t\t<\/div>\n\t\t\t\t<div class=\"elementor-element elementor-element-db13a6c elementor-widget elementor-widget-heading\" data-id=\"db13a6c\" data-element_type=\"widget\" data-e-type=\"widget\" data-widget_type=\"heading.default\">\n\t\t\t\t\t<h2 class=\"elementor-heading-title elementor-size-default\">Aceituna arbequina<\/h2>\t\t\t\t<\/div>\n\t\t\t\t<div class=\"elementor-element elementor-element-658f38f elementor-widget elementor-widget-text-editor\" data-id=\"658f38f\" data-element_type=\"widget\" data-e-type=\"widget\" data-widget_type=\"text-editor.default\">\n\t\t\t\t\t\t\t\t\t<p>La oliva arbequina es el peque\u00f1o fruto que da origen a nuestro aceite y que tambi\u00e9n se disfruta directamente en la mesa.<\/p><p>Un producto vinculado a la tradici\u00f3n gastron\u00f3mica del territorio, con un perfil suave y equilibrado, que expresa de forma directa el sabor del campo y la sencillez de las cosas bien hechas.<\/p>\t\t\t\t\t\t\t\t<\/div>\n\t\t\t\t<div class=\"elementor-element elementor-element-2ae2ee3 elementor-widget elementor-widget-image\" data-id=\"2ae2ee3\" data-element_type=\"widget\" data-e-type=\"widget\" data-widget_type=\"image.default\">\n\t\t\t\t\t\t\t\t\t\t\t\t\t\t\t<img decoding=\"async\" width=\"800\" height=\"705\" src=\"https:\/\/cooperativariudoms.com\/wp-content\/uploads\/2025\/09\/olives-1024x902.png\" class=\"attachment-large size-large wp-image-1747\" alt=\"\" srcset=\"https:\/\/cooperativariudoms.com\/wp-content\/uploads\/2025\/09\/olives-1024x902.png 1024w, https:\/\/cooperativariudoms.com\/wp-content\/uploads\/2025\/09\/olives-300x264.png 300w, https:\/\/cooperativariudoms.com\/wp-content\/uploads\/2025\/09\/olives-768x677.png 768w, https:\/\/cooperativariudoms.com\/wp-content\/uploads\/2025\/09\/olives-1536x1353.png 1536w, https:\/\/cooperativariudoms.com\/wp-content\/uploads\/2025\/09\/olives.png 1944w\" sizes=\"(max-width: 800px) 100vw, 800px\" \/>\t\t\t\t\t\t\t\t\t\t\t\t\t\t\t<\/div>\n\t\t\t\t<div class=\"elementor-element elementor-element-4f5d8ce spin-icon elementor-hidden-desktop elementor-hidden-tablet elementor-hidden-mobile elementor-view-default elementor-widget elementor-widget-icon\" data-id=\"4f5d8ce\" data-element_type=\"widget\" data-e-type=\"widget\" data-widget_type=\"icon.default\">\n\t\t\t\t\t\t\t<div class=\"elementor-icon-wrapper\">\n\t\t\t<div class=\"elementor-icon\">\n\t\t\t<svg xmlns=\"http:\/\/www.w3.org\/2000\/svg\" xmlns:xlink=\"http:\/\/www.w3.org\/1999\/xlink\" height=\"512px\" id=\"Layer_1\" style=\"enable-background:new 0 0 512 512;\" viewBox=\"0 0 512 512\" width=\"512px\" xml:space=\"preserve\"><g><g><g><path d=\"M256,48C141.1,48,48,141.1,48,256s93.1,208,208,208c114.9,0,208-93.1,208-208S370.9,48,256,48z M256,446.7     c-105.1,0-190.7-85.5-190.7-190.7S150.9,65.3,256,65.3S446.7,150.9,446.7,256S361.1,446.7,256,446.7z\"><\/path><\/g><\/g><g><polygon points=\"264.1,128 247.3,128 247.3,247.9 128,247.9 128,264.7 247.3,264.7 247.3,384 264.1,384 264.1,264.7 384,264.7     384,247.9 264.1,247.9   \"><\/polygon><\/g><\/g><\/svg>\t\t\t<\/div>\n\t\t<\/div>\n\t\t\t\t\t\t<\/div>\n\t\t\t\t\t<\/div>\n\t\t\t\t<\/div>\n\t\t\t\t\t<\/div>\n\t\t\t\t<\/div>\n\t\t\t\t<\/div>\n\t\t","protected":false},"excerpt":{"rendered":"<p>PRODUCTOS Los frutos del territorio El sabor de la proximidad En la Cooperativa Agr\u00edcola de Riudoms ofrecemos productos con sello de proximidad y calidad: aceite de oliva virgen extra DOP Siurana, frutos secos y aceituna arbequina de mesa. Sabor aut\u00e9ntico y tradici\u00f3n que nacen de nuestra tierra. DOP SIURANA Aceite de oliva virgen extra Nuestro [&hellip;]<\/p>\n","protected":false},"author":1,"featured_media":0,"parent":0,"menu_order":0,"comment_status":"closed","ping_status":"closed","template":"","meta":{"_acf_changed":false,"footnotes":""},"class_list":["post-1748","page","type-page","status-publish","hentry"],"acf":[],"_links":{"self":[{"href":"https:\/\/cooperativariudoms.com\/es\/wp-json\/wp\/v2\/pages\/1748","targetHints":{"allow":["GET"]}}],"collection":[{"href":"https:\/\/cooperativariudoms.com\/es\/wp-json\/wp\/v2\/pages"}],"about":[{"href":"https:\/\/cooperativariudoms.com\/es\/wp-json\/wp\/v2\/types\/page"}],"author":[{"embeddable":true,"href":"https:\/\/cooperativariudoms.com\/es\/wp-json\/wp\/v2\/users\/1"}],"replies":[{"embeddable":true,"href":"https:\/\/cooperativariudoms.com\/es\/wp-json\/wp\/v2\/comments?post=1748"}],"version-history":[{"count":5,"href":"https:\/\/cooperativariudoms.com\/es\/wp-json\/wp\/v2\/pages\/1748\/revisions"}],"predecessor-version":[{"id":2680,"href":"https:\/\/cooperativariudoms.com\/es\/wp-json\/wp\/v2\/pages\/1748\/revisions\/2680"}],"wp:attachment":[{"href":"https:\/\/cooperativariudoms.com\/es\/wp-json\/wp\/v2\/media?parent=1748"}],"curies":[{"name":"wp","href":"https:\/\/api.w.org\/{rel}","templated":true}]}}